{"id":1315,"date":"2026-03-09T19:49:51","date_gmt":"2026-03-09T18:49:51","guid":{"rendered":"https:\/\/siphonmanufaktur.de\/?post_type=product&#038;p=1315"},"modified":"2026-04-17T19:39:34","modified_gmt":"2026-04-17T17:39:34","slug":"soda-siphon-sparklets-london-1930","status":"publish","type":"product","link":"https:\/\/siphonmanufaktur.de\/en\/produkt\/soda-siphon-sparklets-london-1930\/","title":{"rendered":"Soda Siphon \u2013 Sparklets London 1930"},"content":{"rendered":"<div data-elementor-type=\"product-post\" data-elementor-id=\"1315\" class=\"elementor elementor-1315\" data-elementor-post-type=\"product\">\n\t\t\t\t<div class=\"elementor-element elementor-element-4c76281b e-flex e-con-boxed e-con e-parent\" data-id=\"4c76281b\" data-element_type=\"container\" data-e-type=\"container\">\n\t\t\t\t\t<div class=\"e-con-inner\">\n\t\t\t\t<div class=\"elementor-element elementor-element-d6e41d2 elementor-widget elementor-widget-heading\" data-id=\"d6e41d2\" data-element_type=\"widget\" data-e-type=\"widget\" data-widget_type=\"heading.default\">\n\t\t\t\t\t<h5 class=\"elementor-heading-title elementor-size-default\">London in the 1930s<\/h5>\t\t\t\t<\/div>\n\t\t\t\t<div class=\"elementor-element elementor-element-73f8c67 elementor-widget elementor-widget-text-editor\" data-id=\"73f8c67\" data-element_type=\"widget\" data-e-type=\"widget\" data-widget_type=\"text-editor.default\">\n\t\t\t\t\t\t\t\t\t<p>In the 1930s, London's population boomed. The Art Deco movement became popular in painting, furniture design, and architecture. Londoners danced to \u201cKnees Up Mother Brown\u201d, sung by live bands in dance halls and parks.<\/p>\n<p>It was also time for Sparklets Ltd. to present the D-Type siphon, a successor to the C-Type which was released in 1920. The new Sparklets London Soda Siphons were produced in high numbers.<\/p>\t\t\t\t\t\t\t\t<\/div>\n\t\t\t\t<div class=\"elementor-element elementor-element-e5190a3 elementor-widget elementor-widget-heading\" data-id=\"e5190a3\" data-element_type=\"widget\" data-e-type=\"widget\" data-widget_type=\"heading.default\">\n\t\t\t\t\t<h5 class=\"elementor-heading-title elementor-size-default\">A restored original<\/h5>\t\t\t\t<\/div>\n\t\t\t\t<div class=\"elementor-element elementor-element-afe56e6 elementor-widget elementor-widget-text-editor\" data-id=\"afe56e6\" data-element_type=\"widget\" data-e-type=\"widget\" data-widget_type=\"text-editor.default\">\n\t\t\t\t\t\t\t\t\t<p>Each of our restored soda siphons is an original from the 1920s. These were manufactured to very high standards of durability and craftsmanship. All replacement parts used by us are either original or were specially manufactured by us for this purpose. This ensures that the original condition is preserved as far as possible. Despite their age, the restored siphons can also be used in everyday life \u2013 they don't need to be handled with kid gloves.<\/p>\t\t\t\t\t\t\t\t<\/div>\n\t\t\t\t<div class=\"elementor-element elementor-element-4979af3 elementor-widget elementor-widget-heading\" data-id=\"4979af3\" data-element_type=\"widget\" data-e-type=\"widget\" data-widget_type=\"heading.default\">\n\t\t\t\t\t<h5 class=\"elementor-heading-title elementor-size-default\">Scope of delivery<\/h5>\t\t\t\t<\/div>\n\t\t\t\t<div class=\"elementor-element elementor-element-e7cb6f8 elementor-widget elementor-widget-text-editor\" data-id=\"e7cb6f8\" data-element_type=\"widget\" data-e-type=\"widget\" data-widget_type=\"text-editor.default\">\n\t\t\t\t\t\t\t\t\t<p>This soda siphon is the so-called D-Type. It is a technical further development of the C-Type model from the 1920s. New is the non-return valve, which allows the cartridge holder to be removed during operation. The mouth-blown glass bottle with more corrosion-resistant wire mesh was manufactured in Czechoslovakia between 1930 and 1940.<\/p><ul><li>Restored Original London 1930s Soda Siphon \u2013 packed in a wooden box<\/li><li>Bottle head and wire mesh re-chromed<\/li><li>Cartridge holder* and soda cartridges<\/li><li>Capacity 1 litre<\/li><li>Height approx. 34 cm; diameter approx. 14 cm; weight (unfilled) approx. 3.5 kg<\/li><\/ul>\t\t\t\t\t\t\t\t<\/div>\n\t\t\t\t\t<\/div>\n\t\t\t\t<\/div>\n\t\t<div class=\"elementor-element elementor-element-f6e095d e-flex e-con-boxed e-con e-parent\" data-id=\"f6e095d\" data-element_type=\"container\" data-e-type=\"container\">\n\t\t\t\t\t<div class=\"e-con-inner\">\n\t\t\t\t<div class=\"elementor-element elementor-element-18d08ab elementor-widget elementor-widget-text-editor\" data-id=\"18d08ab\" data-element_type=\"widget\" data-e-type=\"widget\" data-widget_type=\"text-editor.default\">\n\t\t\t\t\t\t\t\t\t<p><span style=\"font-size: 15px;\">\u00a0<\/span><\/p><p><span style=\"font-size: 15px;\">The original holder is only present in about a third of all traps. If the original holder is lost, the delivery includes a metal holder specially manufactured for us, designed in a similar style to the original holders.<\/span><\/p>\t\t\t\t\t\t\t\t<\/div>\n\t\t\t\t\t<\/div>\n\t\t\t\t<\/div>\n\t\t\t\t<\/div>","protected":false},"excerpt":{"rendered":"<p>In den 1930er Jahren tanzten die Londoner zu den Kl\u00e4ngen von Live-Musik in den Londoner Tanzlokalen und sch\u00e4tzten Sodawasser wie nie zuvor. F\u00fcr unseren Sparklets Soda Siphon London 1930 war es aber auch die Zeit, in der er in britischen Filmszenen funkelte.<\/p>","protected":false},"featured_media":1312,"template":"","meta":[],"product_brand":[],"product_cat":[18],"product_tag":[21,19,20],"class_list":{"0":"post-1315","1":"product","2":"type-product","3":"status-publish","4":"has-post-thumbnail","6":"product_cat-soda-siphons-originale","7":"product_tag-seltzer-bottle","8":"product_tag-soda-siphon","9":"product_tag-sparklets","11":"first","12":"instock","13":"taxable","14":"shipping-taxable","15":"purchasable","16":"product-type-simple"},"_links":{"self":[{"href":"https:\/\/siphonmanufaktur.de\/en\/wp-json\/wp\/v2\/product\/1315","targetHints":{"allow":["GET"]}}],"collection":[{"href":"https:\/\/siphonmanufaktur.de\/en\/wp-json\/wp\/v2\/product"}],"about":[{"href":"https:\/\/siphonmanufaktur.de\/en\/wp-json\/wp\/v2\/types\/product"}],"version-history":[{"count":10,"href":"https:\/\/siphonmanufaktur.de\/en\/wp-json\/wp\/v2\/product\/1315\/revisions"}],"predecessor-version":[{"id":2341,"href":"https:\/\/siphonmanufaktur.de\/en\/wp-json\/wp\/v2\/product\/1315\/revisions\/2341"}],"wp:featuredmedia":[{"embeddable":true,"href":"https:\/\/siphonmanufaktur.de\/en\/wp-json\/wp\/v2\/media\/1312"}],"wp:attachment":[{"href":"https:\/\/siphonmanufaktur.de\/en\/wp-json\/wp\/v2\/media?parent=1315"}],"wp:term":[{"taxonomy":"product_brand","embeddable":true,"href":"https:\/\/siphonmanufaktur.de\/en\/wp-json\/wp\/v2\/product_brand?post=1315"},{"taxonomy":"product_cat","embeddable":true,"href":"https:\/\/siphonmanufaktur.de\/en\/wp-json\/wp\/v2\/product_cat?post=1315"},{"taxonomy":"product_tag","embeddable":true,"href":"https:\/\/siphonmanufaktur.de\/en\/wp-json\/wp\/v2\/product_tag?post=1315"}],"curies":[{"name":"wp","href":"https:\/\/api.w.org\/{rel}","templated":true}]}}