{"id":201,"date":"2026-02-27T13:22:52","date_gmt":"2026-02-27T12:22:52","guid":{"rendered":"https:\/\/siphonmanufaktur.de\/?page_id=201"},"modified":"2026-03-31T10:53:57","modified_gmt":"2026-03-31T08:53:57","slug":"restoration","status":"publish","type":"page","link":"https:\/\/siphonmanufaktur.de\/en\/service\/restaurierung\/","title":{"rendered":"Restoration"},"content":{"rendered":"<div data-elementor-type=\"wp-page\" data-elementor-id=\"201\" class=\"elementor elementor-201\" data-elementor-post-type=\"page\">\n\t\t\t\t<div class=\"elementor-element elementor-element-29429cb e-flex e-con-boxed e-con e-parent\" data-id=\"29429cb\" data-element_type=\"container\" data-e-type=\"container\" data-settings=\"{&quot;background_background&quot;:&quot;classic&quot;}\">\n\t\t\t\t\t<div class=\"e-con-inner\">\n\t\t<div class=\"elementor-element elementor-element-3c56941 e-con-full e-flex e-con e-child\" data-id=\"3c56941\" data-element_type=\"container\" data-e-type=\"container\" data-settings=\"{&quot;background_background&quot;:&quot;classic&quot;}\">\n\t\t\t\t<div class=\"elementor-element elementor-element-e40bde6 elementor-widget elementor-widget-heading\" data-id=\"e40bde6\" data-element_type=\"widget\" data-e-type=\"widget\" data-widget_type=\"heading.default\">\n\t\t\t\t\t<h2 class=\"elementor-heading-title elementor-size-default\">Restoration<\/h2>\t\t\t\t<\/div>\n\t\t\t\t<\/div>\n\t\t\t\t\t<\/div>\n\t\t\t\t<\/div>\n\t\t<div class=\"elementor-element elementor-element-294820b e-grid e-con-boxed e-con e-parent\" data-id=\"294820b\" data-element_type=\"container\" data-e-type=\"container\" data-settings=\"{&quot;background_background&quot;:&quot;classic&quot;}\">\n\t\t\t\t\t<div class=\"e-con-inner\">\n\t\t\t\t<div class=\"elementor-element elementor-element-2ed9582 elementor-widget elementor-widget-heading\" data-id=\"2ed9582\" data-element_type=\"widget\" data-e-type=\"widget\" data-widget_type=\"heading.default\">\n\t\t\t\t\t<h5 class=\"elementor-heading-title elementor-size-default\">Restoration &amp; Repair<\/h5>\t\t\t\t<\/div>\n\t\t\t\t<div class=\"elementor-element elementor-element-8c00372 elementor-widget elementor-widget-heading\" data-id=\"8c00372\" data-element_type=\"widget\" data-e-type=\"widget\" data-widget_type=\"heading.default\">\n\t\t\t\t\t<h5 class=\"elementor-heading-title elementor-size-default\">Processing<\/h5>\t\t\t\t<\/div>\n\t\t\t\t<div class=\"elementor-element elementor-element-dc0a885 elementor-widget-divider--view-line elementor-widget elementor-widget-divider\" data-id=\"dc0a885\" data-element_type=\"widget\" data-e-type=\"widget\" data-widget_type=\"divider.default\">\n\t\t\t\t\t\t\t<div class=\"elementor-divider\">\n\t\t\t<span class=\"elementor-divider-separator\">\n\t\t\t\t\t\t<\/span>\n\t\t<\/div>\n\t\t\t\t\t\t<\/div>\n\t\t\t\t<div class=\"elementor-element elementor-element-b98f231 elementor-widget-divider--view-line elementor-widget elementor-widget-divider\" data-id=\"b98f231\" data-element_type=\"widget\" data-e-type=\"widget\" data-widget_type=\"divider.default\">\n\t\t\t\t\t\t\t<div class=\"elementor-divider\">\n\t\t\t<span class=\"elementor-divider-separator\">\n\t\t\t\t\t\t<\/span>\n\t\t<\/div>\n\t\t\t\t\t\t<\/div>\n\t\t\t\t<div class=\"elementor-element elementor-element-e4e7611 elementor-widget elementor-widget-text-editor\" data-id=\"e4e7611\" data-element_type=\"widget\" data-e-type=\"widget\" data-widget_type=\"text-editor.default\">\n\t\t\t\t\t\t\t\t\t<p><span style=\"font-family: Inter; font-size: 13.5pt;\">We will completely repair your Sparklets seltzer bottle, or make the siphon head functional again.<\/span><\/p><p style=\"background-image: initial; background-position: initial; background-size: initial; background-repeat: initial; background-attachment: initial; background-origin: initial; background-clip: initial;\"><span style=\"font-size: 13.5pt; font-family: Inter;\">We can exclusively repair and service the models of soda siphons shown on our website (home siphons). <\/span><span style=\"font-family: Inter; font-size: 13.5pt;\">1920s and 1930s, Sparklets siphons of the 1920s, 1930s and 1940s).<\/span><\/p>\t\t\t\t\t\t\t\t<\/div>\n\t\t\t\t<div class=\"elementor-element elementor-element-cb47ce2 elementor-widget elementor-widget-text-editor\" data-id=\"cb47ce2\" data-element_type=\"widget\" data-e-type=\"widget\" data-widget_type=\"text-editor.default\">\n\t\t\t\t\t\t\t\t\t<p>Add the desired service to your basket in the shop.<\/p><p>Please select \u201cPayment by bank transfer\u201d at checkout. After receiving the order confirmation, please send your soda siphon or siphon head to:<\/p><p><strong><em>Frasima GmbH \u2013 The Siphon Manufacturer<\/em><\/strong><br \/><strong><em>Freiligrathstra\u00dfe 5<\/em><\/strong><br \/><strong><em>65719 Hofheim am Taunus \/ Germany<\/em><\/strong><\/p><p>You will receive a notification as soon as we have finished the restoration or repair. You only need to pay the invoice then.<\/p>\t\t\t\t\t\t\t\t<\/div>\n\t\t\t\t\t<\/div>\n\t\t\t\t<\/div>\n\t\t<div class=\"elementor-element elementor-element-fc76f55 e-flex e-con-boxed e-con e-parent\" data-id=\"fc76f55\" data-element_type=\"container\" data-e-type=\"container\">\n\t\t\t\t\t<div class=\"e-con-inner\">\n\t\t\t\t<div class=\"elementor-element elementor-element-005d095 elementor-align-right elementor-widget elementor-widget-button\" data-id=\"005d095\" data-element_type=\"widget\" data-e-type=\"widget\" data-widget_type=\"button.default\">\n\t\t\t\t\t\t\t\t\t\t<a class=\"elementor-button elementor-button-link elementor-size-sm\" href=\"https:\/\/siphonmanufaktur.de\/produkt\/restaurierung-reparatur\/\">\n\t\t\t\t\t\t<span class=\"elementor-button-content-wrapper\">\n\t\t\t\t\t\t\t\t\t<span class=\"elementor-button-text\">Shop<\/span>\n\t\t\t\t\t<\/span>\n\t\t\t\t\t<\/a>\n\t\t\t\t\t\t\t\t<\/div>\n\t\t\t\t\t<\/div>\n\t\t\t\t<\/div>\n\t\t<div class=\"elementor-element elementor-element-3ad3696 e-flex e-con-boxed e-con e-parent\" data-id=\"3ad3696\" data-element_type=\"container\" data-e-type=\"container\" data-settings=\"{&quot;background_background&quot;:&quot;classic&quot;}\">\n\t\t\t\t\t<div class=\"e-con-inner\">\n\t\t\t\t<div class=\"elementor-element elementor-element-c6ba955 elementor-widget elementor-widget-heading\" data-id=\"c6ba955\" data-element_type=\"widget\" data-e-type=\"widget\" data-widget_type=\"heading.default\">\n\t\t\t\t\t<h3 class=\"elementor-heading-title elementor-size-default\">Hint<\/h3>\t\t\t\t<\/div>\n\t\t\t\t<div class=\"elementor-element elementor-element-24d7a5a elementor-widget-divider--view-line elementor-widget elementor-widget-divider\" data-id=\"24d7a5a\" data-element_type=\"widget\" data-e-type=\"widget\" data-widget_type=\"divider.default\">\n\t\t\t\t\t\t\t<div class=\"elementor-divider\">\n\t\t\t<span class=\"elementor-divider-separator\">\n\t\t\t\t\t\t<\/span>\n\t\t<\/div>\n\t\t\t\t\t\t<\/div>\n\t\t\t\t<div class=\"elementor-element elementor-element-2042f3a elementor-widget elementor-widget-text-editor\" data-id=\"2042f3a\" data-element_type=\"widget\" data-e-type=\"widget\" data-widget_type=\"text-editor.default\">\n\t\t\t\t\t\t\t\t\t<p><span style=\"color: black; font-family: Inter; text-align: justify;\">Before we undertake any restoration or repair, we primarily inspect the bottle carefully for cracks, chips, flaking, or other damage. Unfortunately, we have to reject damaged bottles.<\/span><\/p><p><span style=\"color: black; font-family: Inter; text-align: justify;\">In rare cases, the bottle may crack during restoration on the first pressure test due to undetectable hairline fractures. In this event, we will try to find a replacement bottle. If this is not possible, we will not charge any restoration costs incurred up to that point, but we will not provide a replacement for the cracked bottle.&nbsp;<\/span><\/p>\n<p style=\"text-align: left;\"><span style=\"font-family: Inter; color: black; mso-themecolor: text1;\">As we do not run the Siphon Manufaktur as our main business, repairs can take several weeks.<\/span><\/p>\t\t\t\t\t\t\t\t<\/div>\n\t\t\t\t\t<\/div>\n\t\t\t\t<\/div>\n\t\t\t\t<\/div>","protected":false},"excerpt":{"rendered":"<p>Restaurierung Restaurierung &amp; Reparatur Abwicklung Wir reparieren Ihren Sparklets oder Heimsyphon komplett oder machen den Siphonkopf wieder funktionsf\u00e4hig. Wir k\u00f6nnen ausschlie\u00dflich die Modelle der auf unserer Webseite abgebildeten Soda Siphons reparieren und warten\u00a0 (Heimsyhons der 1920er und 1930er Jahre, Sparklets Siphons der 1920er, 1930er und 1940er\u00a0Jahre). Legen Sie im Shop die gew\u00fcnschte Leistung in Ihren [&hellip;]<\/p>\n","protected":false},"author":1,"featured_media":0,"parent":194,"menu_order":0,"comment_status":"closed","ping_status":"closed","template":"","meta":{"footnotes":""},"class_list":["post-201","page","type-page","status-publish","hentry"],"_links":{"self":[{"href":"https:\/\/siphonmanufaktur.de\/en\/wp-json\/wp\/v2\/pages\/201","targetHints":{"allow":["GET"]}}],"collection":[{"href":"https:\/\/siphonmanufaktur.de\/en\/wp-json\/wp\/v2\/pages"}],"about":[{"href":"https:\/\/siphonmanufaktur.de\/en\/wp-json\/wp\/v2\/types\/page"}],"author":[{"embeddable":true,"href":"https:\/\/siphonmanufaktur.de\/en\/wp-json\/wp\/v2\/users\/1"}],"replies":[{"embeddable":true,"href":"https:\/\/siphonmanufaktur.de\/en\/wp-json\/wp\/v2\/comments?post=201"}],"version-history":[{"count":10,"href":"https:\/\/siphonmanufaktur.de\/en\/wp-json\/wp\/v2\/pages\/201\/revisions"}],"predecessor-version":[{"id":2248,"href":"https:\/\/siphonmanufaktur.de\/en\/wp-json\/wp\/v2\/pages\/201\/revisions\/2248"}],"up":[{"embeddable":true,"href":"https:\/\/siphonmanufaktur.de\/en\/wp-json\/wp\/v2\/pages\/194"}],"wp:attachment":[{"href":"https:\/\/siphonmanufaktur.de\/en\/wp-json\/wp\/v2\/media?parent=201"}],"curies":[{"name":"wp","href":"https:\/\/api.w.org\/{rel}","templated":true}]}}