{"id":182,"date":"2026-02-27T12:17:59","date_gmt":"2026-02-27T11:17:59","guid":{"rendered":"https:\/\/siphonmanufaktur.de\/?page_id=182"},"modified":"2026-03-15T20:40:19","modified_gmt":"2026-03-15T19:40:19","slug":"imprint","status":"publish","type":"page","link":"https:\/\/siphonmanufaktur.de\/en\/impressum\/","title":{"rendered":"Imprint"},"content":{"rendered":"<div data-elementor-type=\"wp-page\" data-elementor-id=\"182\" class=\"elementor elementor-182\" data-elementor-post-type=\"page\">\n\t\t\t\t<div class=\"elementor-element elementor-element-2a3cf1ee e-flex e-con-boxed e-con e-parent\" data-id=\"2a3cf1ee\" data-element_type=\"container\" data-e-type=\"container\">\n\t\t\t\t\t<div class=\"e-con-inner\">\n\t\t\t\t<div class=\"elementor-element elementor-element-007e6df elementor-widget-divider--view-line elementor-widget elementor-widget-divider\" data-id=\"007e6df\" data-element_type=\"widget\" data-e-type=\"widget\" data-widget_type=\"divider.default\">\n\t\t\t\t\t\t\t<div class=\"elementor-divider\">\n\t\t\t<span class=\"elementor-divider-separator\">\n\t\t\t\t\t\t<\/span>\n\t\t<\/div>\n\t\t\t\t\t\t<\/div>\n\t\t\t\t<div class=\"elementor-element elementor-element-4f1c1d39 elementor-widget elementor-widget-text-editor\" data-id=\"4f1c1d39\" data-element_type=\"widget\" data-e-type=\"widget\" data-widget_type=\"text-editor.default\">\n\t\t\t\t\t\t\t\t\t<p><\/p>\n<p>The Siphon Manufactory is a brand of<\/p>\n<p><\/p>\n<p>Frasima Ltd<\/p>\n<p><\/p>\n<p>Freiligrathstr. 5<br>65719 Hofheim am Taunus<br>Email: kontakt@siphonmanufaktur.de<br>Tel: +49 6192-3099-291<\/p>\n<p><\/p>\n<p>Authorised signatory director<br>Herbert Heller<\/p>\n<p><\/p>\n<p>Companies Registry: F\u00fcrth Local Court<br>Register Number: HRB 14964<br>VAT identification number according to \u00a7 27a UStG: DE298745919<\/p>\n<p><\/p>\n<p>Bank details<br>Sparkasse Neustadt<br>IBAN: DE35 7625 1020 0221 2689 98 \/ BIC: BYLADEM1NEA<\/p>\n<p><\/p>\n<p>Responsible for this website according to \u00a75 TMG:<br>Frasima GmbH. Contact details see above.<\/p>\n<p><\/p>\n<p>You can reach our customer service for questions, complaints, and claims by email at kontakt@siphonmanufaktur.de. You can also use the contact form on our website for enquiries.<\/p>\n<p><\/p>\n<p>Online dispute resolution pursuant to Art. 14(1) ODR Regulation: The European Commission provides a platform for online dispute resolution (ODR) which you can find at<a href=\"https:\/\/web.archive.org\/web\/20240601205600\/http:\/\/ec.europa.eu\/consumers\/odr\/\" target=\"_blank\" rel=\"noreferrer noopener\">http:\/\/ec.europa.eu\/consumers\/odr\/<\/a>&nbsp;find.<\/p><p><br><\/p>\n<p><\/p>\n<p><b>Disclaimer \/ Haftungsausschluss<\/b><\/p>\n<p><\/p>\n<p>1. The following terms and conditions apply to the use of this website in the relationship between the user and the website operator. These terms and conditions are deemed to have been irrevocably agreed upon by accessing this website.<\/p>\n<p><\/p>\n<p>2. This website contains data, information and other content which is protected by copyright and\/or trademark law. Reproduction or distribution of the website or parts thereof is prohibited.<\/p>\n<p><\/p>\n<p>3. Everyone is permitted to place one or more links on this website. However, the operator reserves the right to revoke this permission. Displaying this website in a frame is not permitted.<\/p>\n<p><\/p>\n<p>4. The operator is liable for the contents of this website in accordance with legal provisions. However, they accept no guarantee for the accuracy and completeness of the content and information provided on this website.<\/p>\n<p><\/p>\n<p>5. Should a contractual relationship be established between the operator and the user, the law of the Federal Republic of Germany shall apply to the contractual relationships. Mandatory consumer protection regulations of the country in which the customer has his habitual residence are excluded from this choice of law. Furthermore, the choice of law does not apply if the user asserts the infringement of intellectual property rights. The application of the UN Convention on Contracts for the International Sale of Goods is excluded.<br>The place of jurisdiction for all disputes relating to the use of this website shall be the registered office of the operator, provided that the user is a merchant, a legal entity under public law, or a special fund under public law.<\/p>\n<p><\/p>\t\t\t\t\t\t\t\t<\/div>\n\t\t\t\t\t<\/div>\n\t\t\t\t<\/div>\n\t\t\t\t<\/div>","protected":false},"excerpt":{"rendered":"<p>Die Siphon Manufaktur ist eine Marke der Frasima GmbH Freiligrathstr. 565719 Hofheim am TaunusEmail: kontakt@siphonmanufaktur.deTel: +49 6192-3099-291 Vertretungsberechtigter Gesch\u00e4ftsf\u00fchrer:Herbert Heller Registergericht: Amtsgericht F\u00fcrthRegisternummer: HRB 14964Umsatzsteuer-Identifikationsnummer gem. \u00a7 27a UStG: DE298745919 Bankverbindung:Sparkasse NeustadtIBAN:&nbsp; DE35 7625 1020 0221 2689 98 \/ BIC: BYLADEM1NEA Verantwortlich f\u00fcr diese Website gem\u00e4\u00df \u00a75 TMG:Frasima GmbH. Kontaktdaten siehe oben. Sie erreichen unseren [&hellip;]<\/p>\n","protected":false},"author":1,"featured_media":0,"parent":0,"menu_order":0,"comment_status":"closed","ping_status":"closed","template":"","meta":{"footnotes":""},"class_list":["post-182","page","type-page","status-publish","hentry"],"_links":{"self":[{"href":"https:\/\/siphonmanufaktur.de\/en\/wp-json\/wp\/v2\/pages\/182","targetHints":{"allow":["GET"]}}],"collection":[{"href":"https:\/\/siphonmanufaktur.de\/en\/wp-json\/wp\/v2\/pages"}],"about":[{"href":"https:\/\/siphonmanufaktur.de\/en\/wp-json\/wp\/v2\/types\/page"}],"author":[{"embeddable":true,"href":"https:\/\/siphonmanufaktur.de\/en\/wp-json\/wp\/v2\/users\/1"}],"replies":[{"embeddable":true,"href":"https:\/\/siphonmanufaktur.de\/en\/wp-json\/wp\/v2\/comments?post=182"}],"version-history":[{"count":10,"href":"https:\/\/siphonmanufaktur.de\/en\/wp-json\/wp\/v2\/pages\/182\/revisions"}],"predecessor-version":[{"id":1877,"href":"https:\/\/siphonmanufaktur.de\/en\/wp-json\/wp\/v2\/pages\/182\/revisions\/1877"}],"wp:attachment":[{"href":"https:\/\/siphonmanufaktur.de\/en\/wp-json\/wp\/v2\/media?parent=182"}],"curies":[{"name":"wp","href":"https:\/\/api.w.org\/{rel}","templated":true}]}}